{"id":179,"date":"2022-03-13T00:52:09","date_gmt":"2022-03-13T00:52:09","guid":{"rendered":"https:\/\/thumuavaingocvu.com\/?page_id=179"},"modified":"2022-05-23T11:28:50","modified_gmt":"2022-05-23T11:28:50","slug":"lien-he","status":"publish","type":"page","link":"https:\/\/thumuavaingocvu.com\/?page_id=179","title":{"rendered":"Li\u00ean h\u1ec7"},"content":{"rendered":"\n<div class=\"row row-divided\"  id=\"row-732484346\">\n\n\n\t<div id=\"col-857020593\" class=\"col medium-6 small-12 large-6\"  >\n\t\t\t\t<div class=\"col-inner text-center\"  >\n\t\t\t\n\t\t\t\n\n\t<div class=\"img has-hover x md-x lg-x y md-y lg-y\" id=\"image_599189566\">\n\t\t\t\t\t\t\t\t<div class=\"img-inner dark\" >\n\t\t\t\t\t\t\t\t\t\n\t\t\t\t\t<\/div>\n\t\t\t\t\t\t\t\t\n<style>\n#image_599189566 {\n  width: 75%;\n}\n<\/style>\n\t<\/div>\n\t\n\n\t<div id=\"text-1842207830\" class=\"text\">\n\t\t\n\n<h3 class=\"uppercase\" style=\"text-align: center;\">Thu Mua V\u1ea3i Ng\u1ecdc V\u0169 t\u1ea1i H\u00e0 N\u1ed9i<\/h3>\n<p>Thu mua v\u1ea3i Ng\u1ecdc V\u0169 chuy\u00ean thu mua v\u1ea3i t\u1ed3n kho, thu mua v\u1ea3i \u0111\u1ea7u kh\u00fac, v\u1ea3i c\u00e2y, v\u1ea3i thanh l\u00fd, v\u1ea3i qu\u00e1 \u0111\u00e1t gi\u00e1 cao. Thu mua t\u1ea1i khu v\u1ef1c H\u00e0 N\u1ed9i. Thanh to\u00e1n m\u1ed9t l\u1ea7n, b\u00e1o gi\u00e1 ngay.<\/p>\n<ul>\n<li class=\"bullet-arrow\" style=\"text-align: left;\">\u0110\u1ecba ch\u1ec9: Ng\u00f5 236, S\u1ed1 Nha 26, Ph\u1ed1 Nam D\u01b0, P. Tr\u1ea7n Ph\u00fa, Ho\u00e0ng Mai, H\u00e0 N\u1ed9i<\/li>\n<li class=\"bullet-arrow\" style=\"text-align: left;\">Website: <a href=\"https:\/\/thumuavaingocvu.com\/\">thumuavaingocvu.com<\/a><\/li>\n<li class=\"bullet-arrow\" style=\"text-align: left;\">Hotline: <a href=\"tel:0977837875\">0977 837 875<\/a><\/li>\n<\/ul>\n\t\t\n<style>\n#text-1842207830 {\n  text-align: left;\n}\n<\/style>\n\t<\/div>\n\t\n\n\t\t<\/div>\n\t\t\t\t\t<\/div>\n\n\t\n\n\t<div id=\"col-1666908148\" class=\"col medium-6 small-12 large-6\"  >\n\t\t\t\t<div class=\"col-inner text-center\"  >\n\t\t\t\n\t\t\t\n\n<p>H\u00e3y li\u00ean h\u1ec7 v\u1edbi ch\u00fang t\u00f4i n\u1ebfu b\u1ea1n c\u00f3 b\u1ea5t c\u1ee9 y\u00eau c\u1ea7u n\u00e0o li\u00ean quan \u0111\u1ebfn s\u1ea3n ph\u1ea9m v\u00e0 d\u1ecbch v\u1ee5. Xin vui l\u00f2ng \u0111i\u1ec1n c\u00e1c y\u00eau c\u1ea7u v\u00e0o form b\u00ean d\u01b0\u1edbi v\u00e0 ch\u00fang t\u00f4i s\u1ebd tr\u1ea3 l\u1eddi b\u1ea1n ngay khi c\u00f3 th\u1ec3.<\/p>\n\n<div class=\"wpcf7 no-js\" id=\"wpcf7-f10-o1\" lang=\"vi\" dir=\"ltr\" data-wpcf7-id=\"10\">\n<div class=\"screen-reader-response\"><p role=\"status\" aria-live=\"polite\" aria-atomic=\"true\"><\/p> <ul><\/ul><\/div>\n<form action=\"\/index.php?rest_route=%2Fwp%2Fv2%2Fpages%2F179#wpcf7-f10-o1\" method=\"post\" class=\"wpcf7-form init\" aria-label=\"Form li\u00ean h\u1ec7\" novalidate=\"novalidate\" data-status=\"init\">\n<fieldset class=\"hidden-fields-container\"><input type=\"hidden\" name=\"_wpcf7\" value=\"10\" \/><input type=\"hidden\" name=\"_wpcf7_version\" value=\"6.1.5\" \/><input type=\"hidden\" name=\"_wpcf7_locale\" value=\"vi\" \/><input type=\"hidden\" name=\"_wpcf7_unit_tag\" value=\"wpcf7-f10-o1\" \/><input type=\"hidden\" name=\"_wpcf7_container_post\" value=\"0\" \/><input type=\"hidden\" name=\"_wpcf7_posted_data_hash\" value=\"\" \/><input type=\"hidden\" name=\"_wpcf7_recaptcha_response\" value=\"\" \/>\n<\/fieldset>\n<div class=\"form-flat\">\n\t<p><span class=\"wpcf7-form-control-wrap\" data-name=\"your-name\"><input size=\"40\" maxlength=\"400\" class=\"wpcf7-form-control wpcf7-text wpcf7-validates-as-required\" aria-required=\"true\" aria-invalid=\"false\" placeholder=\"H\u1ecd v\u00e0 t\u00ean\" value=\"\" type=\"text\" name=\"your-name\" \/><\/span>\n\t<\/p>\n\t<p><span class=\"wpcf7-form-control-wrap\" data-name=\"sdt\"><input size=\"40\" maxlength=\"400\" class=\"wpcf7-form-control wpcf7-tel wpcf7-validates-as-required wpcf7-text wpcf7-validates-as-tel\" aria-required=\"true\" aria-invalid=\"false\" placeholder=\"S\u1ed1 \u0111i\u1ec7n tho\u1ea1i\" value=\"\" type=\"tel\" name=\"sdt\" \/><\/span>\n\t<\/p>\n\t<p><span class=\"wpcf7-form-control-wrap\" data-name=\"nhapemail\"><input size=\"40\" maxlength=\"400\" class=\"wpcf7-form-control wpcf7-email wpcf7-validates-as-required wpcf7-text wpcf7-validates-as-email\" aria-required=\"true\" aria-invalid=\"false\" placeholder=\"Nh\u1eadp \u0111\u1ecba ch\u1ec9 Email\" value=\"\" type=\"email\" name=\"nhapemail\" \/><\/span>\n\t<\/p>\n\t<p><span class=\"wpcf7-form-control-wrap\" data-name=\"noidung\"><textarea cols=\"40\" rows=\"10\" maxlength=\"2000\" class=\"wpcf7-form-control wpcf7-textarea wpcf7-validates-as-required\" aria-required=\"true\" aria-invalid=\"false\" placeholder=\"N\u1ed9i dung\" name=\"noidung\"><\/textarea><\/span>\n\t<\/p>\n\t<p><input class=\"wpcf7-form-control wpcf7-submit has-spinner wpforms-submit\" id=\"wpforms-submit-811\" type=\"submit\" value=\"\u0110\u0102NG K\u00cd NGAY\" \/>\n\t<\/p>\n<\/div><p style=\"display: none !important;\" class=\"akismet-fields-container\" data-prefix=\"_wpcf7_ak_\"><label>&#916;<textarea name=\"_wpcf7_ak_hp_textarea\" cols=\"45\" rows=\"8\" maxlength=\"100\"><\/textarea><\/label><input type=\"hidden\" id=\"ak_js_1\" name=\"_wpcf7_ak_js\" value=\"176\"\/><script type=\"text\/javascript\">\n\/* <![CDATA[ *\/\ndocument.getElementById( \"ak_js_1\" ).setAttribute( \"value\", ( new Date() ).getTime() );\n\/* ]]> *\/\n<\/script>\n<\/p><div class=\"wpcf7-response-output\" aria-hidden=\"true\"><\/div>\n<\/form>\n<\/div>\n\n\n\n\t\t<\/div>\n\t\t\t\t\t<\/div>\n\n\t\n\n<\/div>\n\n<div style='text-align:center' class='yasr-auto-insert-visitor'><!--Yasr Visitor Votes Shortcode--><div id='yasr_visitor_votes_68f9615e7effa' class='yasr-visitor-votes'><div class=\"yasr-custom-text-vv-before yasr-custom-text-vv-before-179\">B\u1ea5m \u0111\u1ec3 \u0111\u00e1nh gi\u00e1 b\u00e0i vi\u1ebft n\u00e0y!<\/div><div id='yasr-vv-second-row-container-68f9615e7effa'\r\n                                        class='yasr-vv-second-row-container'><div id='yasr-visitor-votes-rater-68f9615e7effa'\r\n                                      class='yasr-rater-stars-vv'\r\n                                      data-rater-postid='179'\r\n                                      data-rating='5'\r\n                                      data-rater-starsize='32'\r\n                                      data-rater-readonly='false'\r\n                                      data-rater-nonce='9b0afffdc2'\r\n                                      data-issingular='false'\r\n                                    ><\/div><div class=\"yasr-vv-stats-text-container\" id=\"yasr-vv-stats-text-container-68f9615e7effa\"><svg xmlns=\"https:\/\/www.w3.org\/2000\/svg\" width=\"20\" height=\"20\"\r\n                                   class=\"yasr-dashicons-visitor-stats\"\r\n                                   data-postid=\"179\"\r\n                                   id=\"yasr-stats-dashicon-68f9615e7effa\">\r\n                                   <path d=\"M18 18v-16h-4v16h4zM12 18v-11h-4v11h4zM6 18v-8h-4v8h4z\"><\/path>\r\n                               <\/svg><span id=\"yasr-vv-text-container-68f9615e7effa\" class=\"yasr-vv-text-container\">[Total: <span id=\"yasr-vv-votes-number-container-68f9615e7effa\">1<\/span>  Trung b\u00ecnh: <span id=\"yasr-vv-average-container-68f9615e7effa\">5<\/span>]<\/span><\/div><div id='yasr-vv-loader-68f9615e7effa' class='yasr-vv-container-loader'><\/div><\/div><div id='yasr-vv-bottom-container-68f9615e7effa'\r\n                              class='yasr-vv-bottom-container'\r\n                              style='display:none'><\/div><\/div><!--End Yasr Visitor Votes Shortcode--><\/div>","protected":false},"excerpt":{"rendered":"<p>B\u1ea5m \u0111\u1ec3 \u0111\u00e1nh gi\u00e1 b\u00e0i vi\u1ebft n\u00e0y! [Total: 1 Trung b\u00ecnh: 5]\n","protected":false},"author":1,"featured_media":0,"parent":0,"menu_order":0,"comment_status":"closed","ping_status":"closed","template":"","meta":{"rank_math_lock_modified_date":false,"yasr_overall_rating":0,"yasr_post_is_review":"","yasr_auto_insert_disabled":"no","yasr_review_type":"","footnotes":""},"class_list":["post-179","page","type-page","status-publish","hentry"],"yasr_visitor_votes":{"stars_attributes":{"read_only":false,"span_bottom":false},"number_of_votes":1,"sum_votes":5},"_links":{"self":[{"href":"https:\/\/thumuavaingocvu.com\/index.php?rest_route=\/wp\/v2\/pages\/179","targetHints":{"allow":["GET"]}}],"collection":[{"href":"https:\/\/thumuavaingocvu.com\/index.php?rest_route=\/wp\/v2\/pages"}],"about":[{"href":"https:\/\/thumuavaingocvu.com\/index.php?rest_route=\/wp\/v2\/types\/page"}],"author":[{"embeddable":true,"href":"https:\/\/thumuavaingocvu.com\/index.php?rest_route=\/wp\/v2\/users\/1"}],"replies":[{"embeddable":true,"href":"https:\/\/thumuavaingocvu.com\/index.php?rest_route=%2Fwp%2Fv2%2Fcomments&post=179"}],"version-history":[{"count":8,"href":"https:\/\/thumuavaingocvu.com\/index.php?rest_route=\/wp\/v2\/pages\/179\/revisions"}],"predecessor-version":[{"id":916,"href":"https:\/\/thumuavaingocvu.com\/index.php?rest_route=\/wp\/v2\/pages\/179\/revisions\/916"}],"wp:attachment":[{"href":"https:\/\/thumuavaingocvu.com\/index.php?rest_route=%2Fwp%2Fv2%2Fmedia&parent=179"}],"curies":[{"name":"wp","href":"https:\/\/api.w.org\/{rel}","templated":true}]}}