{"id":62,"date":"2022-03-12T09:00:03","date_gmt":"2022-03-12T09:00:03","guid":{"rendered":"https:\/\/thumuavaingocvu.com\/?page_id=62"},"modified":"2024-10-12T16:35:56","modified_gmt":"2024-10-12T09:35:56","slug":"gioi-thieu-cong-ty-thu-mua-vai-ton-kho-ngoc-vu","status":"publish","type":"page","link":"https:\/\/thumuavaingocvu.com\/?page_id=62","title":{"rendered":"Gi\u1edbi Thi\u1ec7u C\u00f4ng Ty Thu Mua V\u1ea3i T\u1ed3n Kho Ng\u1ecdc V\u0169"},"content":{"rendered":"\n<p>C\u00f4ng ty Ng\u1ecdc V\u0169 chuy\u00ean thu mua v\u1ea3i t\u1ed3n kho v\u00e0 ph\u1ee5 li\u1ec7u may m\u1eb7c t\u1ea1i H\u00e0 N\u1ed9i. Ng\u1ecdc V\u0169 c\u00f3 h\u01a1n 10 n\u0103m kinh nghi\u1ec7m trong vi\u1ec7c thu mua v\u1ea3i t\u1ed3n kho. Ng\u1ecdc V\u0169 nh\u1eadn thu mua c\u00e1c lo\u1ea1i v\u1ea3i t\u1ed3n kho, v\u1ea3i thanh l\u00fd, v\u1ea3i qu\u00e1 \u0111\u00e1t, v\u1ea3i xu\u1ea5t d\u01b0, v\u1ea3i v\u1ee5n, v\u1ea3i kh\u00fac, v\u1ea3i c\u00e2y v\u1edbi s\u1ed1 l\u01b0\u1ee3ng l\u1edbn 24\/24 t\u1ea5t c\u1ea3 c\u00e1c ng\u00e0y trong tu\u1ea7n, kh\u00f4ng k\u1ec3 ng\u00e0y l\u1ec5 v\u00e0 ch\u1ee7 nh\u1eadt.<\/p>\n\n\n\n<h2 class=\"wp-block-heading\">LO\u1ea0I V\u1ea2I T\u1ed2N KHO C\u1ea6N THU MUA<\/h2>\n\n\n\n<p>C\u00e1c lo\u1ea1i v\u1ea3i c\u00f4ng ty Ng\u1ecdc V\u0169 thu mua nh\u01b0: cotton 2c, cotton 4c, c\u00e1 s\u1ea5u, n\u1ec9, poly, kate, qu\u1ea7n t\u00e2y, v\u1ea3i b\u1ed1, linen, v\u1ea3i nhung, v\u1ea3i x\u1eb9c x\u00e2y, v\u1ea3i jean, kaki&#8230; C\u00e1c lo\u1ea1i v\u1ea3i \u0111\u1ea7u kh\u00fac xu\u1ea5t d\u01b0, v\u1ea3i l\u1ed7i, v\u1ea3i m\u1ed9c, c\u00e1c lo\u1ea1i v\u1ea3i t\u1ed3n kho&#8230;. v\u1edbi s\u1ed1 l\u01b0\u1ee3ng kh\u00f4ng gi\u1edbi h\u1ea1n.<\/p>\n\n\n\n<figure class=\"wp-block-image size-large is-style-default\"><img loading=\"lazy\" decoding=\"async\" width=\"1024\" height=\"323\" src=\"https:\/\/thumuavaingocvu.com\/wp-content\/uploads\/2022\/05\/banner-thu-mua-vai--1024x323.png\" alt=\"\" class=\"wp-image-790\" srcset=\"https:\/\/thumuavaingocvu.com\/wp-content\/uploads\/2022\/05\/banner-thu-mua-vai--1024x323.png 1024w, https:\/\/thumuavaingocvu.com\/wp-content\/uploads\/2022\/05\/banner-thu-mua-vai--300x94.png 300w, https:\/\/thumuavaingocvu.com\/wp-content\/uploads\/2022\/05\/banner-thu-mua-vai--768x242.png 768w, https:\/\/thumuavaingocvu.com\/wp-content\/uploads\/2022\/05\/banner-thu-mua-vai-.png 1270w\" sizes=\"auto, (max-width: 1024px) 100vw, 1024px\" \/><figcaption class=\"wp-element-caption\">H\u00ecnh \u1ea3nh: Gi\u1edbi thi\u1ec7u D\u1ecbch v\u1ee5 thu mua v\u1ea3i t\u1ed3n kho Ng\u1ecdc V\u0169<\/figcaption><\/figure>\n\n\n\n<h2 class=\"wp-block-heading\"><strong>QUY TR\u00ccNH THU MUA<\/strong><\/h2>\n\n\n\n<p>C\u00f4ng ty Ng\u1ecdc V\u0169 chuy\u00ean thu mua v\u1ea3i t\u1ed3n kho v\u1edbi quy tr\u00ecnh chuy\u00ean nghi\u1ec7p, nhanh g\u1ecdn v\u00e0 thanh to\u00e1n s\u00f2ng ph\u1eb3ng. Kh\u00e1ch h\u00e0ng g\u1ecdi cho ch\u00fang t\u00f4i (LH: <a href=\"tel:0977837875\">0977 837 875<\/a> ho\u1eb7c nh\u1eafn tin zalo) \u0111\u1ec3 bi\u1ebft v\u1ec1 gi\u00e1 c\u1ea3 thu mua c\u00e1c lo\u1ea1i v\u1ea3i t\u1ed3n kho ho\u1eb7c ch\u00fang t\u00f4i s\u1ebd \u0111\u1ebfn t\u1eadn n\u01a1i xem v\u1ea3i v\u00e0 b\u00e1o gi\u00e1. Khi hai b\u00ean nh\u1ea5t tr\u00ed v\u1edbi gi\u00e1 b\u00e1n v\u00e0 gi\u00e1 mua th\u00ec ch\u00fang t\u00f4i s\u1ebd ti\u1ebfn h\u00e0nh thu mua.<\/p>\n\n\n\n<h3 class=\"wp-block-heading\"><strong>Gi\u00e1 c\u1ea3 thu mua<\/strong><\/h3>\n\n\n\n<p>Ch\u00fang t\u00f4i mua cao h\u01a1n th\u1ecb tr\u01b0\u1eddng t\u1eeb 10-30% gi\u00e1 v\u1ea3i t\u1ed3n kho, g\u1ea7n t\u01b0\u01a1ng \u0111\u01b0\u01a1ng v\u1edbi gi\u00e1 kh\u00e1ch h\u00e0ng m\u1edbi mua v\u00e0o. \u0110i\u1ec1u n\u00e0y \u0111\u01b0\u1ee3c l\u00fd gi\u1ea3i nh\u01b0 sau:<\/p>\n\n\n\n<ul class=\"wp-block-list\">\n<li>Ch\u00fang t\u00f4i n\u1eafm \u0111\u01b0\u1ee3c gi\u00e1 c\u1ea3 t\u1ea5t c\u1ea3 c\u00e1c lo\u1ea1i v\u1ea3i may m\u1eb7c ngo\u00e0i th\u1ecb tr\u01b0\u1eddng t\u1eeb \u0111\u00f3 s\u1ebd c\u00f3 gi\u00e1 thu v\u00e0o ch\u00ednh x\u00e1c nh\u1ea5t, h\u00e0ng ng\u00e0y ch\u00fang t\u00f4i c\u00f3 \u0111\u1ed9i ng\u0169 thu th\u1eadp th\u00f4ng tin v\u1ec1 gi\u00e1 c\u1ea3 th\u1ecb tr\u01b0\u1eddng v\u1ea3i n\u00ean vi\u1ec7c c\u1eadp nh\u1eadt s\u1ebd ch\u00ednh x\u00e1c nh\u1ea5t.<\/li>\n\n\n\n<li>C\u00f4ng ty ch\u00fang t\u00f4i c\u00f3 \u0111\u1ea7u ra c\u1ee7a nh\u1eefng s\u1ea3n ph\u1ea9m v\u1ea3i t\u1ed3n kho n\u00e0y cao, t\u01b0\u01a1ng \u0111\u01b0\u01a1ng v\u1edbi v\u1ea3i m\u1edbi.<\/li>\n\n\n\n<li>Ng\u1ecdc V\u0169 thu l\u1ee3i nhu\u1eadn \u00edt nh\u01b0ng d\u1ef1a tr\u00ean ph\u01b0\u01a1ng ch\u00e2m b\u00e1n s\u1ed1 l\u01b0\u1ee3ng nhi\u1ec1u s\u1ebd cho l\u1ee3i nhu\u1eadn nhi\u1ec1u.<\/li>\n\n\n\n<li>T\u1eadn d\u1ee5ng ngu\u1ed3n nh\u00e2n c\u00f4ng r\u1ebb c\u0169ng nh\u01b0 chi ph\u00ed kh\u1ea5u hao \u00edt s\u1ebd mang l\u1ea1i l\u1ee3i nhu\u1eadn. Do v\u1eady t\u1eeb nh\u1eefng l\u00ed do tr\u00ean n\u00ean c\u00f4ng ty Ng\u1ecdc V\u0169 t\u1ef1 tin \u0111em l\u1ea1i cho kh\u00e1ch h\u00e0ng gi\u00e1 cao nh\u1ea5t so v\u1edbi th\u1ecb tr\u01b0\u1eddng khi b\u00e1n ra s\u1ea3n ph\u1ea9m v\u1ea3i t\u1ed3n kho.<\/li>\n<\/ul>\n\n\n\n<h3 class=\"wp-block-heading\"><strong>\u0110\u1ed9i ng\u0169 b\u1ed1c v\u00e1c c\u1ee7a c\u00f4ng ty<\/strong><\/h3>\n\n\n\n<ul class=\"wp-block-list\">\n<li>C\u00f4ng ty thu mua v\u1ea3i t\u1ed3n kho Ng\u1ecdc V\u0169 c\u00f3 \u0111\u1ed9i ng\u0169 b\u1ed1c v\u00e1c, t\u00e0i x\u1ebf, xe v\u1eadn chuy\u1ec3n ho\u00e0n to\u00e0n mi\u1ec5n ph\u00ed v\u00e0 chuy\u00ean nghi\u1ec7p. Th\u00e1i \u0111\u1ed9 l\u00e0m vi\u1ec7c nghi\u00eam t\u00fac, l\u1ecbch s\u1ef1, vui v\u1ebd s\u1ebd \u0111em t\u1edbi cho kh\u00e1ch h\u00e0ng s\u1ef1 y\u00ean t\u00e2m.<\/li>\n<\/ul>\n\n\n\n<h3 class=\"wp-block-heading\"><strong>H\u00ecnh th\u1ee9c thanh to\u00e1n<\/strong><\/h3>\n\n\n\n<p>Ch\u00fang t\u00f4i thanh to\u00e1n m\u1ed9t l\u1ea7n b\u1eb1ng nhi\u1ec1u h\u00ecnh th\u1ee9c nh\u01b0: chuy\u1ec3n kho\u1ea3n ho\u1eb7c ti\u1ec1n m\u1eb7t.<\/p>\n\n\n\n<h3 class=\"wp-block-heading\"><strong>\u0110\u1ecba \u0111i\u1ec3m thu mua<\/strong><\/h3>\n\n\n\n<ul class=\"wp-block-list\">\n<li>Th\u00e0nh Ph\u1ed1 H\u1ed3 Ch\u00ed Minh, T\u1ec9nh \u0110\u1ed3ng Nai, T\u1ec9nh B\u00ecnh D\u01b0\u01a1ng, T\u1ec9nh Long An, B\u00e0 R\u1ecba V\u0169ng T\u00e0u, T\u1ec9nh T\u00e2y Ninh v\u00e0 c\u00e1c t\u1ec9nh mi\u1ec1n T\u00e2y Nam B\u1ed9.<\/li>\n<\/ul>\n\n\n\n<h3 class=\"wp-block-heading\"><strong>Quy m\u00f4 c\u00f4ng ty Ng\u1ecdc V\u0169<\/strong><\/h3>\n\n\n\n<ul class=\"wp-block-list\">\n<li>Tr\u00ean 30 nh\u00e2n c\u00f4ng c\u00f3 chuy\u00ean m\u00f4n trong ngh\u1ec1 thu mua v\u1ea3i t\u1ed3n kho. N\u0103ng xu\u1ea5t thu gom kho\u1ea3ng 50 t\u1ea5n\/ng\u00e0y \u0111\u00eam. Ch\u00fang t\u00f4i l\u00e0m vi\u1ec7c 24\/24. Qu\u00fd kh\u00e1ch h\u00e0ng c\u00f3 th\u1ec3 li\u00ean h\u1ec7 b\u1ea5t k\u1ec3 th\u1eddi gian n\u00e0o trong ng\u00e0y v\u00e0 c\u00e1c ng\u00e0y trong tu\u1ea7n, kh\u00f4ng k\u1ec3 ng\u00e0y l\u1ec5 ho\u1eb7c Ch\u1ee7 Nh\u1eadt.<\/li>\n<\/ul>\n\n\n\n<p>&#8212;&#8212;&#8212;&#8212;&#8211;<\/p>\n\n\n\n<p>M\u1ecdi th\u00f4ng tin chi ti\u1ebft, vui l\u00f2ng li\u00ean h\u1ec7:<\/p>\n\n\n\n<h2 class=\"wp-block-heading\"><strong>Thu Mua V\u1ea3i T\u1ed3n Kho, Ph\u1ee5 Li\u1ec7u May Gi\u00e1 Cao | Thu Mua V\u1ea3i Ng\u1ecdc V\u0169<\/strong><\/h2>\n\n\n\n<ul class=\"wp-block-list\">\n<li>\u0110\u1ecba ch\u1ec9: Ng\u00f5 236, S\u1ed1 Nha 26, Ph\u1ed1 Nam D\u01b0, P. Tr\u1ea7n Ph\u00fa, Ho\u00e0ng Mai, H\u00e0 N\u1ed9i<\/li>\n\n\n\n<li>Website: <a href=\"https:\/\/thumuavaingocvu.com\/\">thumuavaingocvu.com<\/a><\/li>\n\n\n\n<li>Hotline: <a href=\"tel:0977837875\">0977 837 875<\/a><\/li>\n<\/ul>\n<div style='text-align:center' class='yasr-auto-insert-visitor'><!--Yasr Visitor Votes Shortcode--><div id='yasr_visitor_votes_8577ee69df00a' class='yasr-visitor-votes'><div class=\"yasr-custom-text-vv-before yasr-custom-text-vv-before-62\">B\u1ea5m \u0111\u1ec3 \u0111\u00e1nh gi\u00e1 b\u00e0i vi\u1ebft n\u00e0y!<\/div><div id='yasr-vv-second-row-container-8577ee69df00a'\r\n                                        class='yasr-vv-second-row-container'><div id='yasr-visitor-votes-rater-8577ee69df00a'\r\n                                      class='yasr-rater-stars-vv'\r\n                                      data-rater-postid='62'\r\n                                      data-rating='5'\r\n                                      data-rater-starsize='32'\r\n                                      data-rater-readonly='false'\r\n                                      data-rater-nonce='9b0afffdc2'\r\n                                      data-issingular='false'\r\n                                    ><\/div><div class=\"yasr-vv-stats-text-container\" id=\"yasr-vv-stats-text-container-8577ee69df00a\"><svg xmlns=\"https:\/\/www.w3.org\/2000\/svg\" width=\"20\" height=\"20\"\r\n                                   class=\"yasr-dashicons-visitor-stats\"\r\n                                   data-postid=\"62\"\r\n                                   id=\"yasr-stats-dashicon-8577ee69df00a\">\r\n                                   <path d=\"M18 18v-16h-4v16h4zM12 18v-11h-4v11h4zM6 18v-8h-4v8h4z\"><\/path>\r\n                               <\/svg><span id=\"yasr-vv-text-container-8577ee69df00a\" class=\"yasr-vv-text-container\">[Total: <span id=\"yasr-vv-votes-number-container-8577ee69df00a\">1<\/span>  Trung b\u00ecnh: <span id=\"yasr-vv-average-container-8577ee69df00a\">5<\/span>]<\/span><\/div><div id='yasr-vv-loader-8577ee69df00a' class='yasr-vv-container-loader'><\/div><\/div><div id='yasr-vv-bottom-container-8577ee69df00a'\r\n                              class='yasr-vv-bottom-container'\r\n                              style='display:none'><\/div><\/div><!--End Yasr Visitor Votes Shortcode--><\/div>","protected":false},"excerpt":{"rendered":"<p>C\u00f4ng ty Ng\u1ecdc V\u0169 chuy\u00ean thu mua v\u1ea3i t\u1ed3n kho v\u00e0 ph\u1ee5 li\u1ec7u may m\u1eb7c t\u1ea1i H\u00e0 N\u1ed9i. Ng\u1ecdc V\u0169 c\u00f3 h\u01a1n 10 n\u0103m kinh nghi\u1ec7m trong vi\u1ec7c thu mua v\u1ea3i t\u1ed3n kho. Ng\u1ecdc V\u0169 nh\u1eadn thu mua c\u00e1c lo\u1ea1i v\u1ea3i t\u1ed3n kho, v\u1ea3i thanh l\u00fd, v\u1ea3i qu\u00e1 \u0111\u00e1t, v\u1ea3i xu\u1ea5t d\u01b0, v\u1ea3i v\u1ee5n, v\u1ea3i [&#8230;]\n","protected":false},"author":1,"featured_media":794,"parent":0,"menu_order":0,"comment_status":"closed","ping_status":"closed","template":"","meta":{"rank_math_lock_modified_date":false,"yasr_overall_rating":0,"yasr_post_is_review":"","yasr_auto_insert_disabled":"","yasr_review_type":"","footnotes":""},"class_list":["post-62","page","type-page","status-publish","has-post-thumbnail","hentry"],"yasr_visitor_votes":{"stars_attributes":{"read_only":false,"span_bottom":false},"number_of_votes":1,"sum_votes":5},"_links":{"self":[{"href":"https:\/\/thumuavaingocvu.com\/index.php?rest_route=\/wp\/v2\/pages\/62","targetHints":{"allow":["GET"]}}],"collection":[{"href":"https:\/\/thumuavaingocvu.com\/index.php?rest_route=\/wp\/v2\/pages"}],"about":[{"href":"https:\/\/thumuavaingocvu.com\/index.php?rest_route=\/wp\/v2\/types\/page"}],"author":[{"embeddable":true,"href":"https:\/\/thumuavaingocvu.com\/index.php?rest_route=\/wp\/v2\/users\/1"}],"replies":[{"embeddable":true,"href":"https:\/\/thumuavaingocvu.com\/index.php?rest_route=%2Fwp%2Fv2%2Fcomments&post=62"}],"version-history":[{"count":25,"href":"https:\/\/thumuavaingocvu.com\/index.php?rest_route=\/wp\/v2\/pages\/62\/revisions"}],"predecessor-version":[{"id":1004,"href":"https:\/\/thumuavaingocvu.com\/index.php?rest_route=\/wp\/v2\/pages\/62\/revisions\/1004"}],"wp:featuredmedia":[{"embeddable":true,"href":"https:\/\/thumuavaingocvu.com\/index.php?rest_route=\/wp\/v2\/media\/794"}],"wp:attachment":[{"href":"https:\/\/thumuavaingocvu.com\/index.php?rest_route=%2Fwp%2Fv2%2Fmedia&parent=62"}],"curies":[{"name":"wp","href":"https:\/\/api.w.org\/{rel}","templated":true}]}}